{"id":3880,"date":"2019-12-31T12:59:05","date_gmt":"2019-12-31T12:59:05","guid":{"rendered":"https:\/\/www.ferien-andalusien-spanien.com\/imprint"},"modified":"2026-02-26T21:20:40","modified_gmt":"2026-02-26T21:20:40","slug":"imprint","status":"publish","type":"page","link":"https:\/\/www.ferien-andalusien-spanien.com\/en\/imprint","title":{"rendered":"Imprint"},"content":{"rendered":"<p>[et_pb_section fb_built=&#8221;1&#8243; _builder_version=&#8221;4.16&#8243; global_colors_info=&#8221;{}&#8221;][et_pb_row _builder_version=&#8221;4.16&#8243; background_size=&#8221;initial&#8221; background_position=&#8221;top_left&#8221; background_repeat=&#8221;repeat&#8221; global_colors_info=&#8221;{}&#8221;][et_pb_column type=&#8221;4_4&#8243; _builder_version=&#8221;4.16&#8243; custom_padding=&#8221;|||&#8221; global_colors_info=&#8221;{}&#8221; custom_padding__hover=&#8221;|||&#8221;][et_pb_text admin_label=&#8221;Text&#8221; _builder_version=&#8221;4.27.4&#8243; background_size=&#8221;initial&#8221; background_position=&#8221;top_left&#8221; background_repeat=&#8221;repeat&#8221; hover_enabled=&#8221;0&#8243; global_colors_info=&#8221;{}&#8221; sticky_enabled=&#8221;0&#8243;]<\/p>\n<h3>Imprint:<\/h3>\n<p>Finca Verde de la Luz<br \/>Guest house<br \/>Christine Lohner<br \/>Carr. Arroyo San Ambrosio 60<br \/>11160 Barbate\/Cadiz<br \/>Spain<br \/>Tel.  +49 176 73 10 29 26<br \/><span class=\"s1\">E-Mail: christine@vegane-rohkost-andalusien-spanien.com<\/span><span class=\"s2\"><br \/><a href=\"http:\/\/www.finca-verde-de-la-luz.com\"><span class=\"s1\">www.finca-verde-de-la-luz.com<\/span><\/a><\/span><\/p>\n<p>&nbsp;<\/p>\n<div class=\"elementor-element elementor-element-ac04369 elementor-widget elementor-widget-erecht24\" data-id=\"ac04369\" data-element_type=\"widget\" data-widget_type=\"erecht24.default\">\n<div class=\"elementor-widget-container\">\n<div class=\"erecht24-elementor-widget\">\n<div>\n<h2>Consumer dispute resolution\/universal arbitration board<\/h2>\n<p>We participate in a dispute resolution procedure before a consumer arbitration board. The universal arbitration board of the Zentrum f\u00fcr Schlichtung e.V., Stra\u00dfburger Stra\u00dfe 8, 77694 Kehl am Rhein<a href=\"https:\/\/www.verbraucher-schlichter.de\/\" target=\"_blank\" rel=\"noopener noreferrer\">(https:\/\/www.verbraucher-schlichter.de)<\/a> is responsible. <\/p>\n<\/div>\n<\/div>\n<\/div>\n<\/div>\n<div class=\"elementor-element elementor-element-87c3dac elementor-widget elementor-widget-spacer\" data-id=\"87c3dac\" data-element_type=\"widget\" data-widget_type=\"spacer.default\">\n<div class=\"elementor-widget-container\">\n<div class=\"elementor-spacer\">\n<div class=\"elementor-spacer-inner\"> <\/div>\n<\/div>\n<\/div>\n<\/div>\n<div class=\"elementor-element elementor-element-e93c31b elementor-widget elementor-widget-erecht24\" data-id=\"e93c31b\" data-element_type=\"widget\" data-widget_type=\"erecht24.default\">\n<div class=\"elementor-widget-container\">\n<div class=\"erecht24-elementor-widget\">\n<div> <\/div>\n<\/div>\n<\/div>\n<\/div>\n<p>[\/et_pb_text][\/et_pb_column][\/et_pb_row][\/et_pb_section]<\/p>\n","protected":false},"excerpt":{"rendered":"<p>Imprint: Finca Verde de la LuzGuest houseChristine LohnerCarr. Arroyo San Ambrosio 6011160 Barbate\/CadizSpainTel. +49 176 73 10 29 26E-Mail: christine@vegane-rohkost-andalusien-spanien.comwww.finca-verde-de-la-luz.com &nbsp; Consumer dispute resolution\/universal arbitration board We participate in a dispute resolution procedure before a consumer arbitration board. The universal arbitration board of the Zentrum f\u00fcr Schlichtung e.V., Stra\u00dfburger Stra\u00dfe 8, 77694 Kehl am Rhein(https:\/\/www.verbraucher-schlichter.de) [&hellip;]<\/p>\n","protected":false},"author":1,"featured_media":0,"parent":0,"menu_order":0,"comment_status":"closed","ping_status":"closed","template":"","meta":{"_et_pb_use_builder":"on","_et_pb_old_content":"","_et_gb_content_width":"","iawp_total_views":3,"footnotes":""},"class_list":["post-3880","page","type-page","status-publish","hentry"],"_links":{"self":[{"href":"https:\/\/www.ferien-andalusien-spanien.com\/en\/wp-json\/wp\/v2\/pages\/3880","targetHints":{"allow":["GET"]}}],"collection":[{"href":"https:\/\/www.ferien-andalusien-spanien.com\/en\/wp-json\/wp\/v2\/pages"}],"about":[{"href":"https:\/\/www.ferien-andalusien-spanien.com\/en\/wp-json\/wp\/v2\/types\/page"}],"author":[{"embeddable":true,"href":"https:\/\/www.ferien-andalusien-spanien.com\/en\/wp-json\/wp\/v2\/users\/1"}],"replies":[{"embeddable":true,"href":"https:\/\/www.ferien-andalusien-spanien.com\/en\/wp-json\/wp\/v2\/comments?post=3880"}],"version-history":[{"count":5,"href":"https:\/\/www.ferien-andalusien-spanien.com\/en\/wp-json\/wp\/v2\/pages\/3880\/revisions"}],"predecessor-version":[{"id":4954,"href":"https:\/\/www.ferien-andalusien-spanien.com\/en\/wp-json\/wp\/v2\/pages\/3880\/revisions\/4954"}],"wp:attachment":[{"href":"https:\/\/www.ferien-andalusien-spanien.com\/en\/wp-json\/wp\/v2\/media?parent=3880"}],"curies":[{"name":"wp","href":"https:\/\/api.w.org\/{rel}","templated":true}]}}