{"id":3845,"date":"2020-01-07T11:39:46","date_gmt":"2020-01-07T11:39:46","guid":{"rendered":"https:\/\/www.ferien-andalusien-spanien.com\/tiempo-libre-entorno"},"modified":"2026-03-02T11:39:13","modified_gmt":"2026-03-02T11:39:13","slug":"tiempo-libre-entorno","status":"publish","type":"page","link":"https:\/\/www.ferien-andalusien-spanien.com\/es\/tiempo-libre-entorno","title":{"rendered":"Tiempo libre\/entorno"},"content":{"rendered":"<p>[et_pb_section fb_built=\u00bb1&#8243; _builder_version=\u00bb4.17.4&#8243; background_color=\u00bbrgba(232,252,161,0.13)\u00bb custom_margin=\u00bb0px||||false|false\u00bb custom_padding=\u00bb0px||||false|false\u00bb global_colors_info=\u00bb{}\u00bb][et_pb_row _builder_version=\u00bb4.17.4&#8243; custom_margin=\u00bb0px||||false|false\u00bb global_colors_info=\u00bb{}\u00bb][et_pb_column type=\u00bb4_4&#8243; _builder_version=\u00bb4.16&#8243; global_colors_info=\u00bb{}\u00bb][et_pb_image src=\u00bbhttps:\/\/www.ferien-andalusien-spanien.com\/wp-content\/uploads\/2022\/06\/Header-Umgebung.jpg\u00bb title_text=\u00bbEntorno de la cabecera\u00bb admin_label=\u00bbHeader\u00bb _builder_version=\u00bb4.24.1&#8243; _module_preset=\u00bbdefault\u00bb custom_margin=\u00bb40px||0px||false|false\u00bb custom_padding=\u00bb0px||||false|false\u00bb global_colors_info=\u00bb{}\u00bb][\/et_pb_image][et_pb_text admin_label=\u00bbWer die Natur ..\u00bb _builder_version=\u00bb4.27.5&#8243; global_colors_info=\u00bb{}\u00bb]<\/p>\n<div class=\"et_pb_text et_pb_module et_pb_bg_layout_light et_pb_text_align_left et_pb_text_0\"><\/div>\n<div class=\"et_pb_text et_pb_module et_pb_bg_layout_light et_pb_text_align_left et_pb_text_0\">\n<div class=\"et_pb_text_inner\">\n<h1><span style=\"color: #006e2f;\">Si te gusta la naturaleza, \u00e9ste es sin duda el lugar adecuado para ti<\/span><\/h1>\n<h2><span style=\"color: #006e2f;\">Con o sin acci\u00f3n&#8230;<\/span><\/h2>\n<\/div>\n<\/div>\n<p>[\/et_pb_text][et_pb_text admin_label=\u00bbText Natur\u00bb _builder_version=\u00bb4.27.6&#8243; custom_margin=\u00bb0px||0px||false|false\u00bb custom_padding=\u00bb2px||||false|false\u00bb hover_enabled=\u00bb0&#8243; global_colors_info=\u00bb{}\u00bb text_letter_spacing_last_edited=\u00bboff|phone\u00bb sticky_enabled=\u00bb0&#8243; text_font_size_last_edited=\u00bboff|phone\u00bb text_font_last_edited=\u00bboff|phone\u00bb]<\/p>\n<div class=\"et_pb_text et_pb_module et_pb_bg_layout_light et_pb_text_align_left et_pb_text_0\">\n<div class=\"et_pb_text_inner\">\n<p><span style=\"font-size: large;\"><strong>El mar<\/strong>, con <strong>sus kil\u00f3metros de playas de arena<\/strong>, desde el faro de Los Ca\u00f1os de Meca hasta El Palmar, es un sue\u00f1o. Aqu\u00ed podr\u00e1s disfrutar de espectaculares puestas de sol. Playa Mangueta, entre Zahora y El Palmar, es una hermosa playa natural si quieres unas vacaciones tranquilas y relajantes.  <\/span><\/p>\n<p><span style=\"font-size: large;\"><strong>El Parque Natural de La Bre\u00f1a<\/strong>te da la bienvenida con un agradable aroma a pinos, flores y hierbas y te invita a <strong>pasear<\/strong>.  <\/span><\/p>\n<p><span style=\"font-size: large;\">O <strong>pedalea<\/strong> por el hermoso parque natural. En Vejer hay una tienda de bicicletas muy buena, donde puedes alquilar bicicletas de monta\u00f1a y bicicletas el\u00e9ctricas.  Mis invitados han quedado encantados con la calidad y el servicio hasta ahora.  <\/span><\/p>\n<p><span style=\"font-size: large;\"><strong>Surf en El Palmar<\/strong>. Aqu\u00ed hay muchas escuelas de surf profesionales que ofrecen cursos para todas las edades y niveles durante todo el a\u00f1o.  <\/span><\/p>\n<p><span style=\"font-size: large;\">Hay una <strong>zona de escalada<\/strong> muy interesante justo antes de llegar a Tarifa. Tambi\u00e9n hay varios <strong>campos de golf<\/strong> en los alrededores. Incluso hay una <strong>pista de karts al aire libre<\/strong> entre El Palmar y Conil de la Frontera.  <\/span><\/p>\n<p><span style=\"font-size: large;\">Si quieres hacer m\u00e1s por tu cuerpo y tu alma, puedes reunirte cada ma\u00f1ana para <strong>meditar<\/strong>. O rel\u00e1jate con <strong>el yoga<\/strong>.  <\/span><\/p>\n<p><span style=\"font-size: large;\">As\u00ed que, como puedes ver, no ser\u00e1 nada aburrido.<\/span><\/p>\n<\/div>\n<\/div>\n<p>[\/et_pb_text][et_pb_gallery gallery_ids=\u00bb3022,3040,2764,3042,3010,3020,3012,3018,3030,3026,3016,3024,2776&#8243; posts_number=\u00bb12&#8243; show_title_and_caption=\u00bboff\u00bb show_pagination=\u00bboff\u00bb admin_label=\u00bbGalerie Natur\u00bb _builder_version=\u00bb4.17.4&#8243; custom_margin=\u00bb20px||||false|false\u00bb custom_padding=\u00bb0px||||false|false\u00bb global_colors_info=\u00bb{}\u00bb][\/et_pb_gallery][et_pb_text admin_label=\u00bbSehenswerte St\u00e4dte\u00bb _builder_version=\u00bb4.27.5&#8243; background_color=\u00bbRGBA(0,0,0,0)\u00bb custom_margin=\u00bb30px||||false|false\u00bb custom_padding=\u00bb||||false|false\u00bb global_colors_info=\u00bb{}\u00bb]<\/p>\n<div class=\"et_pb_text et_pb_module et_pb_bg_layout_light et_pb_text_align_left et_pb_text_0\">\n<div class=\"et_pb_text_inner\">\n<h1><span style=\"color: #006e2f;\">Para entusiastas de la cultura y aficionados a las compras<\/span><\/h1>\n<h3><span style=\"color: #006e2f;\">Pueblos y ciudades cercanos que merece la pena ver<\/span><\/h3>\n<\/div>\n<\/div>\n<p>[\/et_pb_text][et_pb_image src=\u00bbhttps:\/\/www.ferien-andalusien-spanien.com\/wp-content\/uploads\/2024\/02\/wegweiser.webp\u00bb title_text=\u00bbse\u00f1alizar\u00bb _builder_version=\u00bb4.24.1&#8243; custom_margin=\u00bb0px||||false|false\u00bb custom_padding=\u00bb0px||30px||false|false\u00bb global_colors_info=\u00bb{}\u00bb][\/et_pb_image][et_pb_text admin_label=\u00bbText Barbate, etc. \u00bb _builder_version=\u00bb4.27.5&#8243; header_3_text_color=\u00bbgcid-f124888d-2df8-430c-98ee-61dcae0c1c67&#8243; custom_margin=\u00bb0px||0px||false|false\u00bb custom_padding=\u00bb2px||||false|false\u00bb global_colors_info=\u00bb{%22gcid-f124888d-2df8-430c-98ee-61dcae0c1c67%22:%91%22header_3_text_color%22%93}\u00bb]<\/p>\n<h3>Barbate, Los Ca\u00f1os de Meca, Zahora y El Palmar<\/h3>\n<p>Estas son las ciudades m\u00e1s cercanas al mar. Barbate, con sus hermosas playas naturales, es conocida sobre todo por la pesca del at\u00fan. Ca\u00f1os de Meca se encuentra entre Barbate y el cabo de Trafalgar, con su hermoso faro. Aqu\u00ed tuvo lugar una de las batallas navales m\u00e1s importantes de la historia: en 1805, el almirante Nelson derrot\u00f3 a la flota unida hispano-francesa en la batalla contra Napole\u00f3n.   <\/p>\n<p>El Palmar, con su kilom\u00e9trica playa de arena, es la playa m\u00e1s cool de toda Andaluc\u00eda para los surfistas. Numerosas escuelas de surf, bares, cafeter\u00edas, restaurantes y puestos se alinean a lo largo de la estrecha carretera de la playa. Aqu\u00ed se siente como en casa un p\u00fablico joven y relajado.  <\/p>\n<p>[\/et_pb_text][et_pb_gallery gallery_ids=\u00bb2896,2772,3028,2766,2770,2768,2898&#8243; show_title_and_caption=\u00bboff\u00bb show_pagination=\u00bboff\u00bb admin_label=\u00bbGalerie Barbate etc\u00bb _builder_version=\u00bb4.17.4&#8243; custom_margin=\u00bb0px||||false|false\u00bb custom_padding=\u00bb30px||0px||false|false\u00bb global_colors_info=\u00bb{}\u00bb][\/et_pb_gallery][et_pb_text admin_label=\u00bbText Vejer\u00bb _builder_version=\u00bb4.27.5&#8243; header_3_text_color=\u00bbgcid-f124888d-2df8-430c-98ee-61dcae0c1c67&#8243; custom_margin=\u00bb-20px||-10px||false|false\u00bb custom_padding=\u00bb0px||||false|false\u00bb global_colors_info=\u00bb{%22gcid-f124888d-2df8-430c-98ee-61dcae0c1c67%22:%91%22header_3_text_color%22%93}\u00bb]<\/p>\n<h3>Vejer de la Frontera, aprox. 10 minutos en coche<\/h3>\n<p>Vejer es uno de los pueblos blancos m\u00e1s bellos de la provincia de C\u00e1diz. Fue declarado conjunto hist\u00f3rico en 1976 y recibi\u00f3 el I Premio Nacional de Belleza dos a\u00f1os despu\u00e9s. El casco urbano de Vejer, con su hermoso casco antiguo, est\u00e1 encaramado a una colina de 200 metros de altura. El centro es la Palza de Espa\u00f1a, con su hermosa fuente de la rana con azulejos de Sevilla. El centro de la ciudad est\u00e1 salpicado de peque\u00f1as pero elegantes tiendas. Vejer es una peque\u00f1a ciudad muy elegante, al igual que sus habitantes. Muchos bares de tapas y restaurantes invitan a quedarse.      <\/p>\n<p>[\/et_pb_text][et_pb_gallery gallery_ids=\u00bb2904,3034,2816,3038,2820,2810,2814,2812&#8243; posts_number=\u00bb8&#8243; show_title_and_caption=\u00bboff\u00bb show_pagination=\u00bboff\u00bb admin_label=\u00bbGalerie Vejer\u00bb _builder_version=\u00bb4.17.4&#8243; custom_margin=\u00bb0px||||false|false\u00bb custom_padding=\u00bb30px||0px||false|false\u00bb global_colors_info=\u00bb{}\u00bb][\/et_pb_gallery][et_pb_text admin_label=\u00bbText Tarifa\u00bb _builder_version=\u00bb4.27.5&#8243; custom_margin=\u00bb-10px||||false|false\u00bb custom_padding=\u00bb0px||0px||false|false\u00bb global_colors_info=\u00bb{}\u00bb]<\/p>\n<div class=\"et_pb_text et_pb_module et_pb_bg_layout_light et_pb_text_align_left et_pb_text_0\">\n<div class=\"et_pb_text_inner\">\n<h3><span style=\"color: #006e2f;\">Tarifa, aprox. 50 minutos en coche  <\/span><\/h3>\n<p><span style=\"font-size: large;\">Tarifa es la ciudad m\u00e1s meridional de Europa, \u00c1frica s\u00f3lo est\u00e1 a unos 14 kil\u00f3metros, separada por el estrecho de Gibraltar. Tarifa tiene un casco antiguo peque\u00f1o pero muy acogedor, con tiendas interesantes y agradables bares y cafeter\u00edas. La fortaleza, el Castillo de Guzm\u00e1n el Bueno, merece sin duda una visita. Desde aqu\u00ed tienes una gran vista del casco antiguo, el puerto y, con buen tiempo, puedes ver hasta Marruecos.   <\/span><\/p>\n<p><span style=\"font-size: large;\">Tarifa es tambi\u00e9n un para\u00edso para windsurfistas y kitesurfistas. Incluso si no eres tan deportista, es una fiesta para los ojos cuando las olas son buenas. La mayor\u00eda de las ballenas y delfines se encuentran frente a Tarifa, en el Estrecho de Gibraltar. La fundaci\u00f3n suiza \u00abfirmm\u00bb organiza excursiones en alem\u00e1n para conocer a estos maravillosos animales que viven en libertad.   <\/span><span style=\"font-size: large;\">s.<\/span><\/p>\n<p><span style=\"font-size: large;\">Cerca de Bolonia, justo antes de Tarifa, encontrar\u00e1s Baelo Claudia, las excavaciones de una ciudad romana. La ciudad en ruinas est\u00e1 en excelentes condiciones y el yacimiento es muy impresionante. <\/span><\/p>\n<\/div>\n<\/div>\n<p>[\/et_pb_text][et_pb_gallery gallery_ids=\u00bb2914,2804,2920,3036,2918,2912,2916&#8243; show_title_and_caption=\u00bboff\u00bb show_pagination=\u00bboff\u00bb admin_label=\u00bbGalerie Tarifa\u00bb _builder_version=\u00bb4.17.4&#8243; custom_margin=\u00bb0px||15px||false|false\u00bb custom_padding=\u00bb5px||0px||false|false\u00bb global_colors_info=\u00bb{}\u00bb][\/et_pb_gallery][et_pb_text admin_label=\u00bbText Cadiz\u00bb _builder_version=\u00bb4.27.6&#8243; min_height=\u00bb241px\u00bb hover_enabled=\u00bb0&#8243; global_colors_info=\u00bb{}\u00bb custom_padding_last_edited=\u00bboff|phone\u00bb sticky_enabled=\u00bb0&#8243;]<\/p>\n<div class=\"et_pb_text et_pb_module et_pb_bg_layout_light et_pb_text_align_left et_pb_text_0\">\n<div class=\"et_pb_text_inner\">\n<h3><span style=\"color: #006e2f;\">C\u00e1diz, aprox. 1 hora en coche<\/span><\/h3>\n<p><span style=\"font-size: large;\">C\u00e1diz es la capital de la provincia del mismo nombre y tambi\u00e9n la ciudad m\u00e1s antigua de Europa Occidental. Por tanto, merece la pena visitarla. En el centro, las estrechas calles proporcionan suficiente sombra para que el calor sea soportable incluso en verano. Incluso en los meses de invierno, C\u00e1diz es una ciudad bulliciosa y animada con muchos lugares de inter\u00e9s. La catedral es s\u00f3lo uno de los maravillosos edificios hist\u00f3ricos. Desde la c\u00fapula tienes una vista maravillosa de la ciudad y de la inmensidad del Atl\u00e1ntico. Tambi\u00e9n hay numerosos museos. La ubicaci\u00f3n de C\u00e1diz es impresionante: est\u00e1 completamente rodeada por el mar y s\u00f3lo se puede llegar a ella por una estrecha carretera costera. Las kilom\u00e9tricas playas de arena invitan a ba\u00f1arse y relajarse.        <\/span><\/p>\n<\/div>\n<\/div>\n<p>[\/et_pb_text][et_pb_gallery gallery_ids=\u00bb2980,2784,2982,2908,2906,2834&#8243; show_title_and_caption=\u00bboff\u00bb show_pagination=\u00bboff\u00bb admin_label=\u00bbGalerie Cadiz\u00bb _builder_version=\u00bb4.16&#8243; custom_margin=\u00bb0px||0px||false|false\u00bb custom_padding=\u00bb0px||0px||false|false\u00bb global_colors_info=\u00bb{}\u00bb][\/et_pb_gallery][et_pb_text admin_label=\u00bbText Jerez\u00bb _builder_version=\u00bb4.27.6&#8243; min_height=\u00bb241px\u00bb hover_enabled=\u00bb0&#8243; global_colors_info=\u00bb{}\u00bb custom_margin_last_edited=\u00bboff|phone\u00bb sticky_enabled=\u00bb0&#8243;]<\/p>\n<div class=\"et_pb_text et_pb_module et_pb_bg_layout_light et_pb_text_align_left et_pb_text_0\">\n<div class=\"et_pb_text_inner\">\n<h3><span style=\"color: #006e2f;\">Jerez de la Frontera, aprox. 1 <\/span><span style=\"color: #006e2f;\">hora en coche<\/span><\/h3>\n<p><span style=\"font-size: large;\">Jerez es una de las ciudades m\u00e1s grandes de Andaluc\u00eda. Jerez es conocida sobre todo por la Real Escuela Andaluza de Equitaci\u00f3n, el famoso jerez, las corridas de toros y, por supuesto, el arte del flamenco, que tiene aqu\u00ed uno de sus or\u00edgenes. La Catedral, el Alc\u00e1zar, el edificio m\u00e1s antiguo de la ciudad, el Palacio del Virrey Laserna y las numerosas y bellas iglesias merecen sin duda una visita.  <\/span><\/p>\n<\/div>\n<\/div>\n<p>[\/et_pb_text][et_pb_gallery gallery_ids=\u00bb2986,2988,2984,2826,2990,2824&#8243; show_title_and_caption=\u00bboff\u00bb show_pagination=\u00bboff\u00bb admin_label=\u00bbGalerie Jerez\u00bb _builder_version=\u00bb4.27.6&#8243; hover_enabled=\u00bb0&#8243; global_colors_info=\u00bb{}\u00bb custom_margin_last_edited=\u00bboff|phone\u00bb sticky_enabled=\u00bb0&#8243;][\/et_pb_gallery][et_pb_text admin_label=\u00bbText Sevilla\u00bb _builder_version=\u00bb4.17.4&#8243; custom_margin=\u00bb0px||||false|false\u00bb custom_padding=\u00bb0px||||false|false\u00bb global_colors_info=\u00bb{}\u00bb]<\/p>\n<div class=\"et_pb_text et_pb_module et_pb_bg_layout_light et_pb_text_align_left et_pb_text_0\">\n<div class=\"et_pb_text_inner\">\n<h3><span style=\"color: #006e2f;\">Sevilla, aprox. 1 hora 50 minutos en coche <\/span><\/h3>\n<p><span style=\"font-size: large;\">La capital de Adaluc\u00eda es Sevilla. La historia de Sevilla se remonta muy atr\u00e1s en el tiempo. La prosperidad y riqueza de anta\u00f1o a\u00fan pueden reconocerse en el paisaje urbano actual. La catedral de Sevilla es la iglesia g\u00f3tica m\u00e1s grande del mundo, la planta del edificio ocupa un total de 23.500 metros cuadrados. Es imprescindible visitar la catedral y el Alc\u00e1zar. Junto con innumerables iglesias y palacios, se encuentran entre lo m\u00e1s destacado. El arte del flamenco tambi\u00e9n est\u00e1 presente aqu\u00ed por doquier. Sevilla es tambi\u00e9n la ciudad de los bares de tapas. En el casco antiguo hay muchas tiendas con todo lo que un turista puede desear.         Hay muchos parques preciosos donde puedes relajarte.  <\/span><\/p>\n<\/div>\n<\/div>\n<p>[\/et_pb_text][et_pb_gallery gallery_ids=\u00bb2800,2794,2786,2790,2798,2792,2796,2788&#8243; show_title_and_caption=\u00bboff\u00bb show_pagination=\u00bboff\u00bb admin_label=\u00bbGalerie Sevilla\u00bb _builder_version=\u00bb4.16&#8243; custom_margin=\u00bb0px||0px||false|false\u00bb custom_padding=\u00bb0px||0px||false|false\u00bb global_colors_info=\u00bb{}\u00bb][\/et_pb_gallery][\/et_pb_column][\/et_pb_row][\/et_pb_section]<\/p>\n","protected":false},"excerpt":{"rendered":"<p>Si te gusta la naturaleza, \u00e9ste es sin duda el lugar adecuado para ti Con o sin acci\u00f3n&#8230; El mar, con sus kil\u00f3metros de playas de arena, desde el faro de Los Ca\u00f1os de Meca hasta El Palmar, es un sue\u00f1o. Aqu\u00ed podr\u00e1s disfrutar de espectaculares puestas de sol. Playa Mangueta, entre Zahora y El [&hellip;]<\/p>\n","protected":false},"author":1,"featured_media":0,"parent":0,"menu_order":0,"comment_status":"closed","ping_status":"closed","template":"","meta":{"_et_pb_use_builder":"on","_et_pb_old_content":"","_et_gb_content_width":"","iawp_total_views":44,"footnotes":""},"class_list":["post-3845","page","type-page","status-publish","hentry"],"_links":{"self":[{"href":"https:\/\/www.ferien-andalusien-spanien.com\/es\/wp-json\/wp\/v2\/pages\/3845","targetHints":{"allow":["GET"]}}],"collection":[{"href":"https:\/\/www.ferien-andalusien-spanien.com\/es\/wp-json\/wp\/v2\/pages"}],"about":[{"href":"https:\/\/www.ferien-andalusien-spanien.com\/es\/wp-json\/wp\/v2\/types\/page"}],"author":[{"embeddable":true,"href":"https:\/\/www.ferien-andalusien-spanien.com\/es\/wp-json\/wp\/v2\/users\/1"}],"replies":[{"embeddable":true,"href":"https:\/\/www.ferien-andalusien-spanien.com\/es\/wp-json\/wp\/v2\/comments?post=3845"}],"version-history":[{"count":6,"href":"https:\/\/www.ferien-andalusien-spanien.com\/es\/wp-json\/wp\/v2\/pages\/3845\/revisions"}],"predecessor-version":[{"id":5045,"href":"https:\/\/www.ferien-andalusien-spanien.com\/es\/wp-json\/wp\/v2\/pages\/3845\/revisions\/5045"}],"wp:attachment":[{"href":"https:\/\/www.ferien-andalusien-spanien.com\/es\/wp-json\/wp\/v2\/media?parent=3845"}],"curies":[{"name":"wp","href":"https:\/\/api.w.org\/{rel}","templated":true}]}}