{"id":4462,"date":"2025-10-06T10:22:41","date_gmt":"2025-10-06T10:22:41","guid":{"rendered":"https:\/\/www.ferien-andalusien-spanien.com\/?page_id=4462"},"modified":"2026-03-02T11:17:13","modified_gmt":"2026-03-02T11:17:13","slug":"retiros-y-talleres-2","status":"publish","type":"page","link":"https:\/\/www.ferien-andalusien-spanien.com\/es\/retiros-y-talleres-2","title":{"rendered":"Taller de alimentos crudos"},"content":{"rendered":"<p>[et_pb_section fb_built=\u00bb1&#8243; _builder_version=\u00bb4.27.4&#8243; _module_preset=\u00bbdefault\u00bb background_color=\u00bbrgba(99,135,0,0.26)\u00bb custom_margin=\u00bb||||false|false\u00bb custom_padding=\u00bb0px||0px||false|false\u00bb global_colors_info=\u00bb{}\u00bb][et_pb_row _builder_version=\u00bb4.27.4&#8243; _module_preset=\u00bbdefault\u00bb width=\u00bb100%\u00bb max_width=\u00bb2560px\u00bb custom_margin=\u00bb||0px||false|false\u00bb custom_padding=\u00bb0px||0px||false|false\u00bb global_colors_info=\u00bb{}\u00bb][et_pb_column type=\u00bb4_4&#8243; _builder_version=\u00bb4.24.0&#8243; _module_preset=\u00bbdefault\u00bb global_colors_info=\u00bb{}\u00bb][et_pb_image src=\u00bbhttps:\/\/www.ferien-andalusien-spanien.com\/wp-content\/uploads\/2024\/10\/Rohkost-Workshop-Header-4-scaled.jpg\u00bb alt=\u00bbVacaciones veganas\u00bb title_text=\u00bbTaller de alimentos crudos cabecera 4&#8243; force_fullwidth=\u00bbon\u00bb disabled_on=\u00bboff|off|off\u00bb admin_label=\u00bbBild ROHKOST Workshop\u00bb _builder_version=\u00bb4.27.4&#8243; custom_margin=\u00bb0px||||false|false\u00bb custom_padding=\u00bb0px||0px||false|false\u00bb global_colors_info=\u00bb{}\u00bb][\/et_pb_image][\/et_pb_column][\/et_pb_row][\/et_pb_section][et_pb_section fb_built=\u00bb1&#8243; _builder_version=\u00bb4.27.4&#8243; background_color=\u00bbRGBA(124,218,36,0.26)\u00bb background_enable_image=\u00bboff\u00bb custom_margin=\u00bb0px||||false|false\u00bb custom_padding=\u00bb50px||||false|false\u00bb global_colors_info=\u00bb{}\u00bb][et_pb_row _builder_version=\u00bb4.27.0&#8243; custom_margin=\u00bb0px||0px||false|false\u00bb custom_padding=\u00bb0px||0px||false|false\u00bb global_colors_info=\u00bb{}\u00bb][et_pb_column type=\u00bb4_4&#8243; _builder_version=\u00bb4.16&#8243; global_colors_info=\u00bb{}\u00bb][et_pb_text admin_label=\u00bbRohkost-Workshop\u00bb _builder_version=\u00bb4.27.5&#8243; text_font=\u00bbVerdana||||||||\u00bb text_text_color=\u00bbgcid-f124888d-2df8-430c-98ee-61dcae0c1c67&#8243; text_font_size=\u00bb20px\u00bb header_text_color=\u00bbgcid-f124888d-2df8-430c-98ee-61dcae0c1c67&#8243; background_layout=\u00bbdark\u00bb custom_margin=\u00bb||10px||false|false\u00bb global_colors_info=\u00bb{%22gcid-f124888d-2df8-430c-98ee-61dcae0c1c67%22:%91%22header_text_color%22,%22text_text_color%22%93}\u00bb]<\/p>\n<h1><span style=\"color: #008000;\">Taller de comida cruda: Vive m\u00e1s sano<br \/>del 4 al 11 de abril de 2026<\/span><\/h1>\n<p>[\/et_pb_text][et_pb_text admin_label=\u00bbDu m\u00f6chtest dich&#8230;\u00bb _builder_version=\u00bb4.27.5&#8243; text_font=\u00bb||||||||\u00bb text_text_color=\u00bb#000000&#8243; global_colors_info=\u00bb{}\u00bb]<\/p>\n<p>Quieres <strong>comer m\u00e1s sano<\/strong> pero <strong>no quieres renunciar al sabor<\/strong>. Entonces has venido al lugar adecuado.  En este <strong>taller de 5 d\u00edas<\/strong> (+2 d\u00edas de llegada y salida + 1 d\u00eda libre entre medias) aprender\u00e1s los fundamentos de la cocina vegana de alimentos crudos en un grupo reducido.<\/p>\n<p>Y adem\u00e1s hay muchos <strong>consejos valiosos<\/strong>, y no s\u00f3lo sobre nutrici\u00f3n&#8230;<\/p>\n<p>[\/et_pb_text][et_pb_text admin_label=\u00bbDu lernst&#8230;\u00bb _builder_version=\u00bb4.27.5&#8243; text_font=\u00bb||||||||\u00bb text_text_color=\u00bb#FFFFFF\u00bb background_color=\u00bb#008000&#8243; background_layout=\u00bbdark\u00bb custom_padding=\u00bb15px|20px|15px|20px|false|false\u00bb global_colors_info=\u00bb{}\u00bb]<\/p>\n<p>Aprender\u00e1s a preparar: leche, yogur y queso vegetales, pan y galletas, sopas y ensaladas, salsas y cremas para untar, espaguetis y pizza&#8230; \u00a1y por supuesto postres!<\/p>\n<p>[\/et_pb_text][et_pb_text admin_label=\u00bbTauche ein in ein&#8230;\u00bb _builder_version=\u00bb4.27.6&#8243; text_font=\u00bb||||||||\u00bb text_text_color=\u00bb#000000&#8243; header_text_color=\u00bb#008000&#8243; header_2_text_color=\u00bb#008000&#8243; background_layout=\u00bbdark\u00bb hover_enabled=\u00bb0&#8243; global_colors_info=\u00bb{}\u00bb sticky_enabled=\u00bb0&#8243;]<\/p>\n<h2>\u00a1Sum\u00e9rgete en nuevos mundos de sabor y disfrute!<\/h2>\n<p>Preparamos juntos el <strong>desayuno, la comida y la cena<\/strong> y los disfrutamos juntos. Cada d\u00eda tiene un tema espec\u00edfico y, por supuesto, tambi\u00e9n hemos previsto tiempo libre, ya que hay mucho que descubrir en los alrededores. <strong>Hermosos pueblecitos<\/strong> te invitan a pasear, el mar con sus <strong>interminables playas de arena<\/strong> te invita a relajarte. <\/p>\n<p>Para <strong>redondear<\/strong> nuestra <strong>semana de forma hol\u00edstica<\/strong>, puedes participar en una breve <strong>meditaci\u00f3n<\/strong> todas las ma\u00f1anas.<\/p>\n<p>Este taller de alimentos crudos est\u00e1 dise\u00f1ado para mostrarte lo vers\u00e1til que puede ser <strong>la nutrici\u00f3n vegana con alimentos crudos<\/strong> y lo f\u00e1cil que es integrarla en tu vida diaria. Te dar\u00e1s cuenta r\u00e1pidamente de c\u00f3mo<strong> cambia<\/strong> tu<strong> vida<\/strong>, porque los alimentos naturales son muy ricos en nutrientes y nos dan m\u00e1s energ\u00eda y ganas de vivir. Podemos reforzar nuestro <strong>sistema inmunitario<\/strong> y ser m\u00e1s conscientes en todos los \u00e1mbitos de la vida.  <\/p>\n<p>[\/et_pb_text][et_pb_text admin_label=\u00bbRohkost-Workshop Kasten\u00bb _builder_version=\u00bb4.27.6&#8243; text_font=\u00bb||||||||\u00bb text_text_color=\u00bb#FFFFFF\u00bb ul_line_height=\u00bb1.6em\u00bb header_2_text_color=\u00bb#FFFFFF\u00bb background_color=\u00bb#E09900&#8243; custom_padding=\u00bb15px|25px|15px|25px|true|true\u00bb hover_enabled=\u00bb0&#8243; global_colors_info=\u00bb{}\u00bb sticky_enabled=\u00bb0&#8243;]<\/p>\n<h2>Taller de comida cruda: aprende y disfruta<\/h2>\n<ul>\n<li>Empezamos el d\u00eda con potentes <strong>ideas para el desayuno<\/strong>,<\/li>\n<li>Preparamos <strong>sopas<\/strong> r\u00e1pidas y deliciosas <strong>ensaladas<\/strong>,<\/li>\n<li>creamos maravillosos <strong>platos principales<\/strong><\/li>\n<li>y conjuramos <strong>postres<\/strong>, <strong>pasteles<\/strong> y <strong>tartas<\/strong> celestiales.<\/li>\n<\/ul>\n<p>D\u00e9janos sorprenderte y encantar tu paladar.<\/p>\n<p>[\/et_pb_text][et_pb_text admin_label=\u00bbSolltest du Bedenken haben&#8230;\u00bb _builder_version=\u00bb4.27.5&#8243; text_font=\u00bb||||||||\u00bb text_text_color=\u00bb#000000&#8243; background_layout=\u00bbdark\u00bb global_colors_info=\u00bb{}\u00bb]<\/p>\n<p>Si te preocupa no poder arregl\u00e1rtelas sin tu caf\u00e9 matutino o tal vez necesites algo caliente por la noche, no hay problema. Estamos abiertos a cualquier cosa, s\u00f3lo tienes que dec\u00edrnoslo, porque queremos que te sientas completamente a gusto. <\/p>\n<p>[\/et_pb_text][\/et_pb_column][\/et_pb_row][et_pb_row column_structure=\u00bb1_2,1_2&#8243; module_id=\u00bbbuchung\u00bb _builder_version=\u00bb4.27.4&#8243; _module_preset=\u00bbdefault\u00bb global_colors_info=\u00bb{}\u00bb][et_pb_column type=\u00bb1_2&#8243; _builder_version=\u00bb4.27.4&#8243; _module_preset=\u00bbdefault\u00bb background_color=\u00bb#FFFFFF\u00bb custom_padding=\u00bb15px|20px|15px|20px|false|false\u00bb box_shadow_style=\u00bbpreset2&#8243; global_colors_info=\u00bb{}\u00bb][et_pb_text _builder_version=\u00bb4.27.6&#8243; _module_preset=\u00bbdefault\u00bb header_font_size=\u00bb26px\u00bb header_2_font=\u00bb||||||||\u00bb header_2_text_color=\u00bb#008000&#8243; header_3_text_color=\u00bb#008000&#8243; hover_enabled=\u00bb0&#8243; text_font_size_tablet=\u00bb18px\u00bb text_font_size_phone=\u00bb14px\u00bb text_font_size_last_edited=\u00bbon|phone\u00bb header_2_font_size_last_edited=\u00bbon|phone\u00bb header_3_font_size_tablet=\u00bb\u00bb header_3_font_size_last_edited=\u00bbon|desktop\u00bb global_colors_info=\u00bb{}\u00bb sticky_enabled=\u00bb0&#8243; header_3_font_size_phone=\u00bb\u00bb]<\/p>\n<h2>La pr\u00f3xima cita:<\/h2>\n<h3>Del 4 al 11 de abril de 2026<\/h3>\n<p><strong><br \/>Precio: 980 \u20ac<\/strong><br \/>(7 d\u00edas, por persona, en habitaci\u00f3n doble, sin vuelo)<\/p>\n<p>[\/et_pb_text][et_pb_contact_form email=\u00bbchristine@vegane-rohkost-andalusien-spanien.com\u00bb title=\u00bbSolicitar taller de alimentos crudos\u00bb success_message=\u00bbGracias por tu solicitud de reserva\u00bb submit_button_text=\u00bbSolicitar ahora\u00bb admin_label=\u00bbRohkost-Workshop 2026&#8243; _builder_version=\u00bb4.27.6&#8243; _module_preset=\u00bbdefault\u00bb _unique_id=\u00bbf1defbf7-6117-49cf-b446-44ff4e9b1181&#8243; title_level=\u00bbh3&#8243; title_text_color=\u00bb#000000&#8243; captcha_font_size=\u00bb15px\u00bb form_field_font_size=\u00bb18px\u00bb background_enable_color=\u00bboff\u00bb custom_button=\u00bbon\u00bb button_text_color=\u00bb#db1cab\u00bb hover_enabled=\u00bb0&#8243; form_field_font_size_tablet=\u00bb18px\u00bb form_field_font_size_phone=\u00bb16px\u00bb form_field_font_size_last_edited=\u00bbon|phone\u00bb button_text_size_tablet=\u00bb\u00bb button_text_size_phone=\u00bb18px\u00bb button_text_size_last_edited=\u00bbon|phone\u00bb locked=\u00bboff\u00bb global_colors_info=\u00bb{}\u00bb sticky_enabled=\u00bb0&#8243;][et_pb_contact_field field_id=\u00bbVorname\u00bb field_title=\u00bbNombre\u00bb fullwidth_field=\u00bbon\u00bb _builder_version=\u00bb4.27.5&#8243; global_colors_info=\u00bb{}\u00bb button_text_size__hover_enabled=\u00bboff\u00bb button_one_text_size__hover_enabled=\u00bboff\u00bb button_two_text_size__hover_enabled=\u00bboff\u00bb button_text_color__hover_enabled=\u00bboff\u00bb button_one_text_color__hover_enabled=\u00bboff\u00bb button_two_text_color__hover_enabled=\u00bboff\u00bb button_border_width__hover_enabled=\u00bboff\u00bb button_one_border_width__hover_enabled=\u00bboff\u00bb button_two_border_width__hover_enabled=\u00bboff\u00bb button_border_color__hover_enabled=\u00bboff\u00bb button_one_border_color__hover_enabled=\u00bboff\u00bb button_two_border_color__hover_enabled=\u00bboff\u00bb button_border_radius__hover_enabled=\u00bboff\u00bb button_one_border_radius__hover_enabled=\u00bboff\u00bb button_two_border_radius__hover_enabled=\u00bboff\u00bb button_letter_spacing__hover_enabled=\u00bboff\u00bb button_one_letter_spacing__hover_enabled=\u00bboff\u00bb button_two_letter_spacing__hover_enabled=\u00bboff\u00bb button_bg_color__hover_enabled=\u00bboff\u00bb button_one_bg_color__hover_enabled=\u00bboff\u00bb button_two_bg_color__hover_enabled=\u00bboff\u00bb][\/et_pb_contact_field][et_pb_contact_field field_id=\u00bbNachname\u00bb field_title=\u00bbApellido\u00bb fullwidth_field=\u00bbon\u00bb _builder_version=\u00bb4.27.5&#8243; _module_preset=\u00bbdefault\u00bb global_colors_info=\u00bb{}\u00bb][\/et_pb_contact_field][et_pb_contact_field field_id=\u00bbEmail\u00bb field_title=\u00bbDirecci\u00f3n de correo electr\u00f3nico\u00bb field_type=\u00bbemail\u00bb fullwidth_field=\u00bbon\u00bb _builder_version=\u00bb4.27.5&#8243; global_colors_info=\u00bb{}\u00bb button_text_size__hover_enabled=\u00bboff\u00bb button_one_text_size__hover_enabled=\u00bboff\u00bb button_two_text_size__hover_enabled=\u00bboff\u00bb button_text_color__hover_enabled=\u00bboff\u00bb button_one_text_color__hover_enabled=\u00bboff\u00bb button_two_text_color__hover_enabled=\u00bboff\u00bb button_border_width__hover_enabled=\u00bboff\u00bb button_one_border_width__hover_enabled=\u00bboff\u00bb button_two_border_width__hover_enabled=\u00bboff\u00bb button_border_color__hover_enabled=\u00bboff\u00bb button_one_border_color__hover_enabled=\u00bboff\u00bb button_two_border_color__hover_enabled=\u00bboff\u00bb button_border_radius__hover_enabled=\u00bboff\u00bb button_one_border_radius__hover_enabled=\u00bboff\u00bb button_two_border_radius__hover_enabled=\u00bboff\u00bb button_letter_spacing__hover_enabled=\u00bboff\u00bb button_one_letter_spacing__hover_enabled=\u00bboff\u00bb button_two_letter_spacing__hover_enabled=\u00bboff\u00bb button_bg_color__hover_enabled=\u00bboff\u00bb button_one_bg_color__hover_enabled=\u00bboff\u00bb button_two_bg_color__hover_enabled=\u00bboff\u00bb][\/et_pb_contact_field][et_pb_contact_field field_id=\u00bbWunschtermin\u00bb field_title=\u00bb\u00bfQu\u00e9 fecha te interesa?\u00bb required_mark=\u00bboff\u00bb fullwidth_field=\u00bbon\u00bb _builder_version=\u00bb4.27.5&#8243; _module_preset=\u00bbdefault\u00bb global_colors_info=\u00bb{}\u00bb][\/et_pb_contact_field][et_pb_contact_field field_id=\u00bbTeilnehmer\u00bb field_title=\u00bb\u00bfCu\u00e1ntas personas quieres que participen?\u00bb field_type=\u00bbselect\u00bb select_options=\u00bb%91{%22value%22:%221%22,%22checked%22:0,%22dragID%22:-1},{%22value%22:%222%22,%22checked%22:0,%22dragID%22:0},{%22value%22:%223%22,%22checked%22:0,%22dragID%22:1},{%22value%22:%224%22,%22checked%22:0,%22dragID%22:2},{%22value%22:%225%22,%22checked%22:0,%22dragID%22:3},{%22value%22:%226%22,%22checked%22:0,%22dragID%22:4},{%22value%22:%227%22,%22checked%22:0,%22dragID%22:5},{%22value%22:%228%22,%22checked%22:0,%22dragID%22:6},{%22value%22:%229%22,%22checked%22:0,%22dragID%22:7},{%22value%22:%2210%22,%22checked%22:0,%22dragID%22:8}%93&#8243; fullwidth_field=\u00bbon\u00bb _builder_version=\u00bb4.27.4&#8243; _module_preset=\u00bbdefault\u00bb global_colors_info=\u00bb{}\u00bb][\/et_pb_contact_field][et_pb_contact_field field_id=\u00bbNachricht\u00bb field_title=\u00bbMensaje\u00bb field_type=\u00bbtext\u00bb fullwidth_field=\u00bbon\u00bb _builder_version=\u00bb4.24.1&#8243; global_colors_info=\u00bb{}\u00bb button_text_size__hover_enabled=\u00bboff\u00bb button_one_text_size__hover_enabled=\u00bboff\u00bb button_two_text_size__hover_enabled=\u00bboff\u00bb button_text_color__hover_enabled=\u00bboff\u00bb button_one_text_color__hover_enabled=\u00bboff\u00bb button_two_text_color__hover_enabled=\u00bboff\u00bb button_border_width__hover_enabled=\u00bboff\u00bb button_one_border_width__hover_enabled=\u00bboff\u00bb button_two_border_width__hover_enabled=\u00bboff\u00bb button_border_color__hover_enabled=\u00bboff\u00bb button_one_border_color__hover_enabled=\u00bboff\u00bb button_two_border_color__hover_enabled=\u00bboff\u00bb button_border_radius__hover_enabled=\u00bboff\u00bb button_one_border_radius__hover_enabled=\u00bboff\u00bb button_two_border_radius__hover_enabled=\u00bboff\u00bb button_letter_spacing__hover_enabled=\u00bboff\u00bb button_one_letter_spacing__hover_enabled=\u00bboff\u00bb button_two_letter_spacing__hover_enabled=\u00bboff\u00bb button_bg_color__hover_enabled=\u00bboff\u00bb button_one_bg_color__hover_enabled=\u00bboff\u00bb button_two_bg_color__hover_enabled=\u00bboff\u00bb][\/et_pb_contact_field][et_pb_contact_field field_id=\u00bbdsgvo\u00bb field_title=\u00bb \u00bb field_type=\u00bbcheckbox\u00bb checkbox_options=\u00bb%91{%22value%22:%22Acepto que mis datos se almacenen y procesen con el fin de tramitar mi consulta.%22,%22checked%22:0,%22dragID%22:-1}%93&#8243; fullwidth_field=\u00bbon\u00bb _builder_version=\u00bb4.27.4&#8243; _module_preset=\u00bbdefault\u00bb form_field_font_size=\u00bb14px\u00bb form_field_line_height=\u00bb1.6em\u00bb global_colors_info=\u00bb{}\u00bb][\/et_pb_contact_field][\/et_pb_contact_form][\/et_pb_column][et_pb_column type=\u00bb1_2&#8243; _builder_version=\u00bb4.27.4&#8243; _module_preset=\u00bbdefault\u00bb global_colors_info=\u00bb{}\u00bb][et_pb_gallery gallery_ids=\u00bb3254,3260,3262,2846,3256,2848,2736,2838,2844,2842&#8243; posts_number=\u00bb12&#8243; show_title_and_caption=\u00bboff\u00bb show_pagination=\u00bboff\u00bb admin_label=\u00bbGalerie ROHKOST\u00bb _builder_version=\u00bb4.27.4&#8243; global_colors_info=\u00bb{}\u00bb][\/et_pb_gallery][\/et_pb_column][\/et_pb_row][\/et_pb_section][et_pb_section fb_built=\u00bb1&#8243; _builder_version=\u00bb4.27.4&#8243; background_color=\u00bbgcid-eeb432b4-4605-42d0-9a4c-247ae6027b8d\u00bb background_enable_image=\u00bboff\u00bb custom_margin=\u00bb0px||||false|false\u00bb custom_padding=\u00bb50px||||false|false\u00bb hover_enabled=\u00bb0&#8243; global_colors_info=\u00bb{%22gcid-eeb432b4-4605-42d0-9a4c-247ae6027b8d%22:%91%22background_color%22%93}\u00bb sticky_enabled=\u00bb0&#8243;][et_pb_row _builder_version=\u00bb4.27.0&#8243; custom_margin=\u00bb0px||0px||false|false\u00bb custom_padding=\u00bb0px||0px||false|false\u00bb global_colors_info=\u00bb{}\u00bb][et_pb_column type=\u00bb4_4&#8243; _builder_version=\u00bb4.16&#8243; global_colors_info=\u00bb{}\u00bb][et_pb_text admin_label=\u00bbMini-Workshop\u00bb _builder_version=\u00bb4.27.6&#8243; text_text_color=\u00bb#000000&#8243; header_2_text_color=\u00bb#008000&#8243; background_layout=\u00bbdark\u00bb hover_enabled=\u00bb0&#8243; global_colors_info=\u00bb{}\u00bb sticky_enabled=\u00bb0&#8243;]<\/p>\n<h2>Un mini taller espont\u00e1neo de comida cruda<\/h2>\n<p>Los invitados quedaron muy sorprendidos e impresionados por lo que es la comida cruda. Ten\u00edan ganas de saber m\u00e1s y espont\u00e1neamente decidimos organizar un peque\u00f1o taller. Se elabor\u00f3 todo un men\u00fa y \u00a1nos divertimos mucho haci\u00e9ndolo! Aqu\u00ed tienes un peque\u00f1o resumen:   <\/p>\n<p>[\/et_pb_text][et_pb_gallery gallery_ids=\u00bb4654,4648,4639,4645,4636,4651,4642,4633&#8243; posts_number=\u00bb12&#8243; show_title_and_caption=\u00bboff\u00bb show_pagination=\u00bboff\u00bb admin_label=\u00bbGalerie ROHKOST Workshop\u00bb _builder_version=\u00bb4.27.5&#8243; global_colors_info=\u00bb{}\u00bb][\/et_pb_gallery][\/et_pb_column][\/et_pb_row][et_pb_row _builder_version=\u00bb4.27.5&#8243; custom_margin=\u00bb0px||0px||false|false\u00bb custom_padding=\u00bb0px||0px||false|false\u00bb global_colors_info=\u00bb{}\u00bb][et_pb_column type=\u00bb4_4&#8243; _builder_version=\u00bb4.16&#8243; global_colors_info=\u00bb{}\u00bb][et_pb_text admin_label=\u00bbWow was f\u00fcr eine Woche\u00bb _builder_version=\u00bb4.27.6&#8243; text_text_color=\u00bb#000000&#8243; header_2_text_color=\u00bb#008000&#8243; background_layout=\u00bbdark\u00bb custom_margin=\u00bb40px||||false|false\u00bb hover_enabled=\u00bb0&#8243; global_colors_info=\u00bb{}\u00bb sticky_enabled=\u00bb0&#8243;]<\/p>\n<h2><\/h2>\n<h2>Nuestro taller de alimentos crudos<\/h2>\n<p>Vaya, \u00a1qu\u00e9 semana! Nuestro taller de comida cruda fue genial. Juntos preparamos los platos m\u00e1s incre\u00edbles. Gracias a todos los que participasteis e hicisteis que estos d\u00edas fueran tan especiales. Ya estamos deseando que llegue el pr\u00f3ximo. Aqu\u00ed tienes algunas fotos de nuestras creaciones:     <\/p>\n<p>[\/et_pb_text][et_pb_gallery gallery_ids=\u00bb4295,4301,4304,4292,4307,4310,4313,4298&#8243; posts_number=\u00bb12&#8243; show_title_and_caption=\u00bboff\u00bb show_pagination=\u00bboff\u00bb admin_label=\u00bbGalerie ROHKOST Workshop\u00bb _builder_version=\u00bb4.27.3&#8243; global_colors_info=\u00bb{}\u00bb][\/et_pb_gallery][\/et_pb_column][\/et_pb_row][\/et_pb_section]<\/p>\n","protected":false},"excerpt":{"rendered":"<p>Taller de comida cruda: Vive m\u00e1s sanodel 4 al 11 de abril de 2026Quieres comer m\u00e1s sano pero no quieres renunciar al sabor. Entonces has venido al lugar adecuado. En este taller de 5 d\u00edas (+2 d\u00edas de llegada y salida + 1 d\u00eda libre entre medias) aprender\u00e1s los fundamentos de la cocina vegana de [&hellip;]<\/p>\n","protected":false},"author":1,"featured_media":0,"parent":0,"menu_order":0,"comment_status":"closed","ping_status":"closed","template":"","meta":{"_et_pb_use_builder":"on","_et_pb_old_content":"","_et_gb_content_width":"","iawp_total_views":22,"footnotes":""},"class_list":["post-4462","page","type-page","status-publish","hentry"],"_links":{"self":[{"href":"https:\/\/www.ferien-andalusien-spanien.com\/es\/wp-json\/wp\/v2\/pages\/4462","targetHints":{"allow":["GET"]}}],"collection":[{"href":"https:\/\/www.ferien-andalusien-spanien.com\/es\/wp-json\/wp\/v2\/pages"}],"about":[{"href":"https:\/\/www.ferien-andalusien-spanien.com\/es\/wp-json\/wp\/v2\/types\/page"}],"author":[{"embeddable":true,"href":"https:\/\/www.ferien-andalusien-spanien.com\/es\/wp-json\/wp\/v2\/users\/1"}],"replies":[{"embeddable":true,"href":"https:\/\/www.ferien-andalusien-spanien.com\/es\/wp-json\/wp\/v2\/comments?post=4462"}],"version-history":[{"count":11,"href":"https:\/\/www.ferien-andalusien-spanien.com\/es\/wp-json\/wp\/v2\/pages\/4462\/revisions"}],"predecessor-version":[{"id":5013,"href":"https:\/\/www.ferien-andalusien-spanien.com\/es\/wp-json\/wp\/v2\/pages\/4462\/revisions\/5013"}],"wp:attachment":[{"href":"https:\/\/www.ferien-andalusien-spanien.com\/es\/wp-json\/wp\/v2\/media?parent=4462"}],"curies":[{"name":"wp","href":"https:\/\/api.w.org\/{rel}","templated":true}]}}